{"id":11,"date":"2016-03-30T20:39:40","date_gmt":"2016-03-30T19:39:40","guid":{"rendered":"http:\/\/biotoucy.danya.spheerys.net\/?page_id=11"},"modified":"2026-03-01T16:03:14","modified_gmt":"2026-03-01T15:03:14","slug":"les-producteurs","status":"publish","type":"page","link":"http:\/\/biotoucy.com\/?page_id=11","title":{"rendered":"Les producteur.ices associ\u00e9.es"},"content":{"rendered":"<blockquote>\n<p><em><strong>Pour plus d&rsquo;infos sur chacune de nos productions cliquez sur les liens ci-dessous:<\/strong><\/em><\/p>\n<\/blockquote>\n<p style=\"text-align: center;\"><span style=\"font-size: 24px;\"><a href=\"http:\/\/biotoucy.com\/?page_id=131\">@&gt;Lait, Yaourts et Fromages de vache produits \u00e0 Moutiers en Puisaye<\/a><\/span><\/p>\n<p style=\"text-align: center;\"><span style=\"font-size: 24px;\"><a href=\"http:\/\/biotoucy.com\/?page_id=41\">@&gt;Huiles, jus de fruits et Volailles produits \u00e0 \u00c9tais la Sauvin<\/a><\/span><\/p>\n<p style=\"text-align: center;\"><span style=\"font-size: 28px;\"><a href=\"http:\/\/biotoucy.com\/?page_id=43\"><span style=\"font-size: 24px;\">@&gt;Farines, huiles, lentilles, pois&#8230; produits \u00e0 Lucy sur Yonne<\/span><\/a><\/span><\/p>\n\n","protected":false},"excerpt":{"rendered":"<p>Pour plus d&rsquo;infos sur chacune de nos productions cliquez sur les liens ci-dessous: @&gt;Lait, Yaourts et Fromages de vache produits \u00e0 Moutiers en Puisaye @&gt;Huiles, jus de fruits et Volailles produits \u00e0 \u00c9tais la Sauvin @&gt;Farines, huiles, lentilles, pois&#8230; produits \u00e0 Lucy sur Yonne<\/p>\n","protected":false},"author":1,"featured_media":0,"parent":1128,"menu_order":0,"comment_status":"closed","ping_status":"closed","template":"","meta":{"footnotes":""},"_links":{"self":[{"href":"http:\/\/biotoucy.com\/index.php?rest_route=\/wp\/v2\/pages\/11"}],"collection":[{"href":"http:\/\/biotoucy.com\/index.php?rest_route=\/wp\/v2\/pages"}],"about":[{"href":"http:\/\/biotoucy.com\/index.php?rest_route=\/wp\/v2\/types\/page"}],"author":[{"embeddable":true,"href":"http:\/\/biotoucy.com\/index.php?rest_route=\/wp\/v2\/users\/1"}],"replies":[{"embeddable":true,"href":"http:\/\/biotoucy.com\/index.php?rest_route=%2Fwp%2Fv2%2Fcomments&post=11"}],"version-history":[{"count":22,"href":"http:\/\/biotoucy.com\/index.php?rest_route=\/wp\/v2\/pages\/11\/revisions"}],"predecessor-version":[{"id":1802,"href":"http:\/\/biotoucy.com\/index.php?rest_route=\/wp\/v2\/pages\/11\/revisions\/1802"}],"up":[{"embeddable":true,"href":"http:\/\/biotoucy.com\/index.php?rest_route=\/wp\/v2\/pages\/1128"}],"wp:attachment":[{"href":"http:\/\/biotoucy.com\/index.php?rest_route=%2Fwp%2Fv2%2Fmedia&parent=11"}],"curies":[{"name":"wp","href":"https:\/\/api.w.org\/{rel}","templated":true}]}}