{"id":1128,"date":"2020-04-18T17:57:42","date_gmt":"2020-04-18T16:57:42","guid":{"rendered":"http:\/\/biotoucy.com\/?page_id=1128"},"modified":"2020-04-18T18:02:05","modified_gmt":"2020-04-18T17:02:05","slug":"nos-produits","status":"publish","type":"page","link":"http:\/\/biotoucy.com\/?page_id=1128","title":{"rendered":"Nos produits"},"content":{"rendered":"\n<p><a href=\"http:\/\/biotoucy.com\/?page_id=11\" target=\"_blank\" rel=\"noopener noreferrer\">Les producteurs<\/a><\/p>\n<p><a href=\"http:\/\/biotoucy.com\/?page_id=179\" target=\"_blank\" rel=\"noopener noreferrer\">D\u00e9p\u00f4ts-vendeurs<\/a><\/p>\n<p><a href=\"http:\/\/biotoucy.com\/?page_id=703\" target=\"_blank\" rel=\"noopener noreferrer\">Produits d&rsquo;\u00e9picerie<\/a><\/p>\n<p><a href=\"http:\/\/biotoucy.com\/?page_id=1041\" target=\"_blank\" rel=\"noopener noreferrer\">Notre Cave<\/a><\/p>\n<p><a href=\"http:\/\/biotoucy.com\/?page_id=1022\" target=\"_blank\" rel=\"noopener noreferrer\">D\u00e9tergents m\u00e9nager, savon et gel douche<\/a><\/p>\n","protected":false},"excerpt":{"rendered":"<p>Les producteurs D\u00e9p\u00f4ts-vendeurs Produits d&rsquo;\u00e9picerie Notre Cave D\u00e9tergents m\u00e9nager, savon et gel douche<\/p>\n","protected":false},"author":3,"featured_media":0,"parent":0,"menu_order":0,"comment_status":"closed","ping_status":"closed","template":"","meta":{"footnotes":""},"_links":{"self":[{"href":"http:\/\/biotoucy.com\/index.php?rest_route=\/wp\/v2\/pages\/1128"}],"collection":[{"href":"http:\/\/biotoucy.com\/index.php?rest_route=\/wp\/v2\/pages"}],"about":[{"href":"http:\/\/biotoucy.com\/index.php?rest_route=\/wp\/v2\/types\/page"}],"author":[{"embeddable":true,"href":"http:\/\/biotoucy.com\/index.php?rest_route=\/wp\/v2\/users\/3"}],"replies":[{"embeddable":true,"href":"http:\/\/biotoucy.com\/index.php?rest_route=%2Fwp%2Fv2%2Fcomments&post=1128"}],"version-history":[{"count":2,"href":"http:\/\/biotoucy.com\/index.php?rest_route=\/wp\/v2\/pages\/1128\/revisions"}],"predecessor-version":[{"id":1134,"href":"http:\/\/biotoucy.com\/index.php?rest_route=\/wp\/v2\/pages\/1128\/revisions\/1134"}],"wp:attachment":[{"href":"http:\/\/biotoucy.com\/index.php?rest_route=%2Fwp%2Fv2%2Fmedia&parent=1128"}],"curies":[{"name":"wp","href":"https:\/\/api.w.org\/{rel}","templated":true}]}}