{"id":1041,"date":"2019-05-08T17:01:05","date_gmt":"2019-05-08T16:01:05","guid":{"rendered":"http:\/\/biotoucy.com\/?page_id=1041"},"modified":"2024-07-23T11:24:34","modified_gmt":"2024-07-23T10:24:34","slug":"notre-cave","status":"publish","type":"page","link":"https:\/\/biotoucy.com\/?page_id=1041","title":{"rendered":"Notre Cave"},"content":{"rendered":"<p style=\"text-align: center;\"><span style=\"font-size: 28px;\"><strong>Nos gammes BIO de vin*, cidre* et bi\u00e8re* <\/strong><\/span><\/p>\n<p><img loading=\"lazy\" decoding=\"async\" class=\"aligncenter size-large wp-image-1668\" src=\"http:\/\/biotoucy.com\/wp-content\/uploads\/2024\/07\/biere-1441x1081.jpg\" alt=\"\" width=\"714\" height=\"536\" srcset=\"https:\/\/biotoucy.com\/wp-content\/uploads\/2024\/07\/biere-1441x1081.jpg 1441w, https:\/\/biotoucy.com\/wp-content\/uploads\/2024\/07\/biere-300x225.jpg 300w, https:\/\/biotoucy.com\/wp-content\/uploads\/2024\/07\/biere-1536x1152.jpg 1536w, https:\/\/biotoucy.com\/wp-content\/uploads\/2024\/07\/biere-2048x1536.jpg 2048w\" sizes=\"(max-width: 714px) 100vw, 714px\" \/> <img loading=\"lazy\" decoding=\"async\" class=\"aligncenter size-large wp-image-1669\" src=\"http:\/\/biotoucy.com\/wp-content\/uploads\/2024\/07\/vin-1441x1081.jpg\" alt=\"\" width=\"714\" height=\"536\" srcset=\"https:\/\/biotoucy.com\/wp-content\/uploads\/2024\/07\/vin-1441x1081.jpg 1441w, https:\/\/biotoucy.com\/wp-content\/uploads\/2024\/07\/vin-300x225.jpg 300w, https:\/\/biotoucy.com\/wp-content\/uploads\/2024\/07\/vin-1536x1152.jpg 1536w, https:\/\/biotoucy.com\/wp-content\/uploads\/2024\/07\/vin-2048x1536.jpg 2048w\" sizes=\"(max-width: 714px) 100vw, 714px\" \/><\/p>\n<blockquote><p><span style=\"font-size: 24px;\"><strong><span style=\"text-decoration: underline;\">Nos Vin*<\/span>: &gt;C\u00f4te d&rsquo;Auxerre blanc et rouge, <\/strong><\/span><\/p>\n<p><span style=\"font-size: 24px;\"><strong>&gt;Chablis, Petit Chablis <\/strong><\/span><\/p>\n<p><span style=\"font-size: 24px;\"><strong>C\u00f4te Chalonnaise blanc et rouge<\/strong><\/span><\/p><\/blockquote>\n<p><img loading=\"lazy\" decoding=\"async\" class=\"alignleft wp-image-1043\" src=\"http:\/\/biotoucy.com\/wp-content\/uploads\/2019\/05\/Logo-AOC-AOP_image_full-300x300.png\" alt=\"\" width=\"172\" height=\"172\" srcset=\"https:\/\/biotoucy.com\/wp-content\/uploads\/2019\/05\/Logo-AOC-AOP_image_full-300x300.png 300w, https:\/\/biotoucy.com\/wp-content\/uploads\/2019\/05\/Logo-AOC-AOP_image_full-150x150.png 150w, https:\/\/biotoucy.com\/wp-content\/uploads\/2019\/05\/Logo-AOC-AOP_image_full.png 600w\" sizes=\"(max-width: 172px) 100vw, 172px\" \/><\/p>\n<h6><\/h6>\n<h5><strong>* <span class=\"citation\">\u00ab\u00a0<i>L&rsquo;abus d&rsquo;alcool est dangereux pour la sant\u00e9, consommez avec mod\u00e9ration<\/i>\u00a0\u00bb<\/span><span class=\"citation\">-\u00ab\u00a0<i>La consommation de boissons alcoolis\u00e9es pendant la grossesse, m\u00eame en faible quantit\u00e9, peut avoir des cons\u00e9quences graves sur la sant\u00e9 de l\u2019enfant \u00bb.<\/i><\/span><\/strong><\/h5>\n","protected":false},"excerpt":{"rendered":"<p>Nos gammes BIO de vin*, cidre* et bi\u00e8re* Nos Vin*: &gt;C\u00f4te d&rsquo;Auxerre blanc et rouge, &gt;Chablis, Petit Chablis C\u00f4te Chalonnaise blanc et rouge * \u00ab\u00a0L&rsquo;abus d&rsquo;alcool est dangereux pour la sant\u00e9, consommez avec mod\u00e9ration\u00a0\u00bb-\u00ab\u00a0La consommation de boissons alcoolis\u00e9es pendant la grossesse, m\u00eame en faible quantit\u00e9, peut avoir des cons\u00e9quences graves sur la sant\u00e9 de l\u2019enfant [&hellip;]<\/p>\n","protected":false},"author":2,"featured_media":0,"parent":1128,"menu_order":5,"comment_status":"closed","ping_status":"closed","template":"full-width-page.php","meta":{"footnotes":""},"_links":{"self":[{"href":"https:\/\/biotoucy.com\/index.php?rest_route=\/wp\/v2\/pages\/1041"}],"collection":[{"href":"https:\/\/biotoucy.com\/index.php?rest_route=\/wp\/v2\/pages"}],"about":[{"href":"https:\/\/biotoucy.com\/index.php?rest_route=\/wp\/v2\/types\/page"}],"author":[{"embeddable":true,"href":"https:\/\/biotoucy.com\/index.php?rest_route=\/wp\/v2\/users\/2"}],"replies":[{"embeddable":true,"href":"https:\/\/biotoucy.com\/index.php?rest_route=%2Fwp%2Fv2%2Fcomments&post=1041"}],"version-history":[{"count":6,"href":"https:\/\/biotoucy.com\/index.php?rest_route=\/wp\/v2\/pages\/1041\/revisions"}],"predecessor-version":[{"id":1671,"href":"https:\/\/biotoucy.com\/index.php?rest_route=\/wp\/v2\/pages\/1041\/revisions\/1671"}],"up":[{"embeddable":true,"href":"https:\/\/biotoucy.com\/index.php?rest_route=\/wp\/v2\/pages\/1128"}],"wp:attachment":[{"href":"https:\/\/biotoucy.com\/index.php?rest_route=%2Fwp%2Fv2%2Fmedia&parent=1041"}],"curies":[{"name":"wp","href":"https:\/\/api.w.org\/{rel}","templated":true}]}}