{"id":131,"date":"2016-04-27T09:24:15","date_gmt":"2016-04-27T08:24:15","guid":{"rendered":"http:\/\/biotoucy.danya.spheerys.net\/?page_id=131"},"modified":"2020-04-19T17:21:02","modified_gmt":"2020-04-19T16:21:02","slug":"luc-et-marc-virili","status":"publish","type":"page","link":"https:\/\/biotoucy.com\/?page_id=131","title":{"rendered":"GAEC de la Cours aux Roches \u00e0 Moutiers en Puisaye"},"content":{"rendered":"<p style=\"text-align: justify;\">C&rsquo;est au c\u0153ur de la Puisaye, sur la ferme familiale des Lorets que nous produisons l\u00e9gumes, fromages de vache (normande) et viande bovine (charolaise), dans le respect de l&rsquo;environnement et des consommateurs.<\/p>\n<p><img loading=\"lazy\" decoding=\"async\" class=\"alignleft size-medium wp-image-132\" src=\"http:\/\/biotoucy.danya.spheerys.net\/wp-content\/uploads\/2016\/04\/A-3-Luc-et-Marc-VIRILI_01-300x236.png\" alt=\"A 3 Luc et Marc VIRILI_01\" width=\"300\" height=\"236\" srcset=\"https:\/\/biotoucy.com\/wp-content\/uploads\/2016\/04\/A-3-Luc-et-Marc-VIRILI_01-300x236.png 300w, https:\/\/biotoucy.com\/wp-content\/uploads\/2016\/04\/A-3-Luc-et-Marc-VIRILI_01.png 505w\" sizes=\"(max-width: 300px) 100vw, 300px\" \/><\/p>\n<p style=\"text-align: justify;\">Depuis 1984, nous nous engageons \u00e0 produire et \u00e0 vendre localement nos denr\u00e9es biologiques, issus d&rsquo;une agriculture sobre en \u00e9nergie et de qualit\u00e9.<\/p>\n<p style=\"text-align: justify;\">Plaisir du palais et nourriture saine sont nos exigences.<\/p>\n<p style=\"text-align: justify;\">Nos fromages, tommes, yaourts, fromages blancs, l\u00e9gumes sont aussi vendus \u00e0 la ferme, sur le march\u00e9 de Saint Sauveur le mercredi, sur le march\u00e9 de Toucy le samedi ainsi qu&rsquo;aux magasins \u00ab\u00a0la Graineterie\u00a0\u00bb \u00e0 Clamecy et \u00ab\u00a0l&rsquo;Amarante\u00a0\u00bb \u00e0 Saint Amand en Puisaye.<\/p>\n<p><img loading=\"lazy\" decoding=\"async\" class=\"alignright size-medium wp-image-133\" src=\"http:\/\/biotoucy.danya.spheerys.net\/wp-content\/uploads\/2016\/04\/A-3-Luc-et-Marc-VIRILI_02-300x222.png\" alt=\"A 3 Luc et Marc VIRILI_02\" width=\"300\" height=\"222\" srcset=\"https:\/\/biotoucy.com\/wp-content\/uploads\/2016\/04\/A-3-Luc-et-Marc-VIRILI_02-300x222.png 300w, https:\/\/biotoucy.com\/wp-content\/uploads\/2016\/04\/A-3-Luc-et-Marc-VIRILI_02-768x568.png 768w, https:\/\/biotoucy.com\/wp-content\/uploads\/2016\/04\/A-3-Luc-et-Marc-VIRILI_02.png 985w\" sizes=\"(max-width: 300px) 100vw, 300px\" \/><\/p>\n<p style=\"text-align: justify;\">La viande de g\u00e9nisse est vendue en caissette ou au\u00a0 d\u00e9tail. Sur demande, vous pouvez \u00eatre inform\u00e9(e) des dates d&rsquo;abattage ; merci de vous adresser au magasin ou \u00e0 la ferme.<\/p>\n<p>Luc et Marc Virili<\/p>\n<p>GAEC de la Cours aux Roches<\/p>\n<p>Ferme des Lorets<\/p>\n<p>89520 Moutiers en Puisaye<\/p>\n<p>bioferme89leslorets@yahoo.fr<\/p>\n","protected":false},"excerpt":{"rendered":"<p>C&rsquo;est au c\u0153ur de la Puisaye, sur la ferme familiale des Lorets que nous produisons l\u00e9gumes, fromages de vache (normande) et viande bovine (charolaise), dans le respect de l&rsquo;environnement et des consommateurs. Depuis 1984, nous nous engageons \u00e0 produire et \u00e0 vendre localement nos denr\u00e9es biologiques, issus d&rsquo;une agriculture sobre en \u00e9nergie et de qualit\u00e9. [&hellip;]<\/p>\n","protected":false},"author":1,"featured_media":0,"parent":11,"menu_order":0,"comment_status":"closed","ping_status":"closed","template":"","meta":{"footnotes":""},"_links":{"self":[{"href":"https:\/\/biotoucy.com\/index.php?rest_route=\/wp\/v2\/pages\/131"}],"collection":[{"href":"https:\/\/biotoucy.com\/index.php?rest_route=\/wp\/v2\/pages"}],"about":[{"href":"https:\/\/biotoucy.com\/index.php?rest_route=\/wp\/v2\/types\/page"}],"author":[{"embeddable":true,"href":"https:\/\/biotoucy.com\/index.php?rest_route=\/wp\/v2\/users\/1"}],"replies":[{"embeddable":true,"href":"https:\/\/biotoucy.com\/index.php?rest_route=%2Fwp%2Fv2%2Fcomments&post=131"}],"version-history":[{"count":6,"href":"https:\/\/biotoucy.com\/index.php?rest_route=\/wp\/v2\/pages\/131\/revisions"}],"predecessor-version":[{"id":1153,"href":"https:\/\/biotoucy.com\/index.php?rest_route=\/wp\/v2\/pages\/131\/revisions\/1153"}],"up":[{"embeddable":true,"href":"https:\/\/biotoucy.com\/index.php?rest_route=\/wp\/v2\/pages\/11"}],"wp:attachment":[{"href":"https:\/\/biotoucy.com\/index.php?rest_route=%2Fwp%2Fv2%2Fmedia&parent=131"}],"curies":[{"name":"wp","href":"https:\/\/api.w.org\/{rel}","templated":true}]}}