{"id":155,"date":"2016-05-02T14:35:38","date_gmt":"2016-05-02T13:35:38","guid":{"rendered":"http:\/\/biotoucy.danya.spheerys.net\/?page_id=155"},"modified":"2019-12-03T16:49:47","modified_gmt":"2019-12-03T15:49:47","slug":"aurelien-rolin","status":"publish","type":"page","link":"https:\/\/biotoucy.com\/?page_id=155","title":{"rendered":"Ch\u00e8vrerie de la Vall\u00e9e des Dorins \u00e0 Villefranche"},"content":{"rendered":"<p style=\"text-align: justify;\">L&rsquo;aventure d\u00e9bute en 2000, \u00e0 Villefranche Saint-Phal dans la Vall\u00e9e des Dorins avec dans un premier temps l\u2019\u00e9levage de ch\u00e8vres de race Alpine et Saanen.<\/p>\n<p><span style=\"font-size: 28px;\"><strong><em>Plus de production de fromages. <\/em><\/strong><\/span><\/p>\n<p><img loading=\"lazy\" decoding=\"async\" class=\"alignleft size-medium wp-image-158\" src=\"http:\/\/biotoucy.danya.spheerys.net\/wp-content\/uploads\/2016\/05\/fermedesdorins1-300x225.jpg\" alt=\"fermedesdorins1\" width=\"300\" height=\"225\" srcset=\"https:\/\/biotoucy.com\/wp-content\/uploads\/2016\/05\/fermedesdorins1-300x225.jpg 300w, https:\/\/biotoucy.com\/wp-content\/uploads\/2016\/05\/fermedesdorins1-768x576.jpg 768w, https:\/\/biotoucy.com\/wp-content\/uploads\/2016\/05\/fermedesdorins1-1024x768.jpg 1024w\" sizes=\"(max-width: 300px) 100vw, 300px\" \/><\/p>\n<p><img loading=\"lazy\" decoding=\"async\" class=\"alignnone size-medium wp-image-552\" src=\"http:\/\/biotoucy.com\/wp-content\/uploads\/2016\/05\/IMG_20170403_195144-300x225.jpg\" alt=\"\" width=\"300\" height=\"225\" srcset=\"https:\/\/biotoucy.com\/wp-content\/uploads\/2016\/05\/IMG_20170403_195144-300x225.jpg 300w, https:\/\/biotoucy.com\/wp-content\/uploads\/2016\/05\/IMG_20170403_195144-1441x1081.jpg 1441w\" sizes=\"(max-width: 300px) 100vw, 300px\" \/><\/p>\n<p style=\"text-align: justify;\">Le passage en mode\u00a0 bio d\u00e9bute en 2008, puis en 2012 la production d\u2019\u0153ufs bio \u00e9largit la gamme de produits propos\u00e9s.<\/p>\n<p style=\"text-align: justify;\">En 2017, la production de fromages de Brebis vient compl\u00e9ter les fromages de ch\u00e8vre.<\/p>\n<p>Nos sp\u00e9cialit\u00e9s en fromage de ch\u00e8vre :<\/p>\n<ul>\n<li>la faisselle<\/li>\n<li>la b\u00fbche<\/li>\n<li>le crottin<\/li>\n<li>le V\u00e9zelay<\/li>\n<li>le Saint Phal<\/li>\n<li>la pyramide cendr\u00e9e<\/li>\n<\/ul>\n<p>Pour en savoir plus, visitez notre site <a href=\"http:\/\/fermedesdorins.pagesperso-orange.fr\">http:\/\/fermedesdorins.pagesperso-orange.fr<\/a><\/p>\n<p><strong><em><span style=\"color: #008000;\">Vous trouverez l&rsquo;ensemble de nos productions<\/span> :<\/em><\/strong><\/p>\n<p><strong><span style=\"color: #008000;\">\u21d2<\/span><\/strong> au \u00ab\u00a0<strong><span style=\"color: #99cc00;\">D\u00e9jeuner sur l&rsquo;herbe<\/span><\/strong>\u00a0\u00bb \u00e0 Toucy<\/p>\n<p style=\"text-align: left;\">Ch\u00e8vrerie de la Vall\u00e9e des Dorins<\/p>\n<p style=\"text-align: left;\">Aur\u00e9lien Rolin<\/p>\n<p style=\"text-align: left;\">1 les Dorins Villefranche Saint Phal<\/p>\n<p style=\"text-align: left;\">89120 Charny Or\u00e9e de Puisaye<\/p>\n<p style=\"text-align: left;\">T\u00e9l : 03 86 63 73 40<\/p>\n<p style=\"text-align: left;\">Mobile : 06 72 05 50 76<\/p>\n<p style=\"text-align: left;\">Courriel: <a href=\"mailto:contact@fermedesdorins.fr\">fermedesdorins@gmx.fr<\/a><\/p>\n","protected":false},"excerpt":{"rendered":"<p>L&rsquo;aventure d\u00e9bute en 2000, \u00e0 Villefranche Saint-Phal dans la Vall\u00e9e des Dorins avec dans un premier temps l\u2019\u00e9levage de ch\u00e8vres de race Alpine et Saanen. Plus de production de fromages. Le passage en mode\u00a0 bio d\u00e9bute en 2008, puis en 2012 la production d\u2019\u0153ufs bio \u00e9largit la gamme de produits propos\u00e9s. En 2017, la production [&hellip;]<\/p>\n","protected":false},"author":1,"featured_media":0,"parent":11,"menu_order":0,"comment_status":"closed","ping_status":"closed","template":"","meta":{"footnotes":""},"_links":{"self":[{"href":"https:\/\/biotoucy.com\/index.php?rest_route=\/wp\/v2\/pages\/155"}],"collection":[{"href":"https:\/\/biotoucy.com\/index.php?rest_route=\/wp\/v2\/pages"}],"about":[{"href":"https:\/\/biotoucy.com\/index.php?rest_route=\/wp\/v2\/types\/page"}],"author":[{"embeddable":true,"href":"https:\/\/biotoucy.com\/index.php?rest_route=\/wp\/v2\/users\/1"}],"replies":[{"embeddable":true,"href":"https:\/\/biotoucy.com\/index.php?rest_route=%2Fwp%2Fv2%2Fcomments&post=155"}],"version-history":[{"count":22,"href":"https:\/\/biotoucy.com\/index.php?rest_route=\/wp\/v2\/pages\/155\/revisions"}],"predecessor-version":[{"id":1087,"href":"https:\/\/biotoucy.com\/index.php?rest_route=\/wp\/v2\/pages\/155\/revisions\/1087"}],"up":[{"embeddable":true,"href":"https:\/\/biotoucy.com\/index.php?rest_route=\/wp\/v2\/pages\/11"}],"wp:attachment":[{"href":"https:\/\/biotoucy.com\/index.php?rest_route=%2Fwp%2Fv2%2Fmedia&parent=155"}],"curies":[{"name":"wp","href":"https:\/\/api.w.org\/{rel}","templated":true}]}}