{"id":179,"date":"2016-05-03T15:32:19","date_gmt":"2016-05-03T14:32:19","guid":{"rendered":"http:\/\/biotoucy.danya.spheerys.net\/?page_id=179"},"modified":"2026-03-01T16:05:22","modified_gmt":"2026-03-01T15:05:22","slug":"les-depots-vendeurs","status":"publish","type":"page","link":"https:\/\/biotoucy.com\/?page_id=179","title":{"rendered":"Tous.tes les autres producteur.ices"},"content":{"rendered":"<p style=\"text-align: center;\"><span style=\"font-size: 20px;\"><strong>Les \u00ab\u00a0producteurs d\u00e9p\u00f4ts-vendeurs\u00a0\u00bb viennent enrichir la gamme de produits propos\u00e9s au<\/strong><\/span><\/p>\n<p style=\"text-align: center;\"><span style=\"font-size: 20px;\"><strong> \u00ab\u00a0D\u00e9jeuner sur l&rsquo;herbe\u00a0\u00bb:<br \/>\n<\/strong><\/span><\/p>\n<p style=\"text-align: center;\"><span style=\"font-size: 20px;\"><strong>\u00a0<\/strong><\/span><\/p>\n<div class=\"page\" title=\"Page 1\">\n<div class=\"layoutArea\">\n<div class=\"column\">\n<p><span style=\"color: #008000;\"><strong>BAUDRY Guillaume et Audrey \u00ab Ferme aquacole de Crisenon \u00bb<\/strong><\/span> 89460 Pr\u00e9gilbert.\u00a0Producteurs de truites et ombles de fontaine<\/p>\n<p><span style=\"color: #008000;\"><strong>BAUGNET Marion<\/strong><\/span> 89130 Toucy. Productrice de fruits et de confitures.<\/p>\n<p><span style=\"color: #008000;\"><strong>BLONDET JOHANN \u00ab\u00a0Les jardins du Bourdon\u00a0\u00bb<\/strong><\/span> 89170 Saint-Fargeau. Mara\u00eecher<\/p>\n<p><strong><span style=\"color: #008000;\">BORNET Sylvie \u00ab Le Cabaret des oiseaux \u00bb<\/span><\/strong> 89130 Toucy. Productrice de plantes m\u00e9dicinales et aromatiques.<\/p>\n<p><span style=\"color: #008000;\"><strong>BOUDARD-COTE C\u00e9line<\/strong><\/span> vigneronne 89700 Tonnerre<\/p>\n<p><strong><span style=\"color: #008000;\">BOURNOVILLE Christophe et H\u00e9l\u00e8ne \u00ab La Chailloute \u00bb<\/span><\/strong> 89520 Treigny. Producteurs de\u00a0champignons : Pleurotes et Shitak\u00e9.<\/p>\n<p><span style=\"color: #008000;\"><strong>CORAZZA R\u00e9becca \u00ab Vagabonde, pain BIEN \u00e9lev\u00e9 \u00bb<\/strong><\/span> 89660 Brosses. pain 100% levain naturel, farines locales, cuit au feu de bois.<\/p>\n<p><span style=\"color: #008000;\"><strong>DELAVEAU Fran\u00e7ois<\/strong><\/span> 45250 Br\u00e9teau. Eleveur de veau.<\/p>\n<p><strong><span style=\"color: #008000;\">DUCARDONNET Alexandre \u00abCidrerie des Petites Vall\u00e9es<\/span> <\/strong>\u00bb 45230 Dammarie sur loing.\u00a0Producteur de cidre du G\u00e2tinais.<\/p>\n<p><span style=\"color: #008000;\"><strong>DUPUIS Christophe \u00ab La Ferme aux cailloux \u00bb<\/strong><\/span> 89320 Arces-Dilo. Producteur d\u2019huile de cameline.<\/p>\n<p><strong><span style=\"color: #008000;\">GAUDIN Julien \u00ab Le Fournil de Julien \u00bb<\/span><\/strong> 89130 Toucy. Boulanger proposant une gamme de pains \u00e0 la farine biologique.<\/p>\n<p><b><strong><span style=\"color: #008000;\">KEIJZER \u00a0Lenneke \u00ab\u00a0Pep Pam\u00a0\u00bb<\/span><\/strong><\/b>\u00a089130 Toucy. P\u00e9pini\u00e9riste et productrice de plantes aromatiques et m\u00e9dicinales.<\/p>\n<p><strong><span style=\"color: #008000;\">LAFINESTRE Patrice \u00ab Vergers Lafinou \u00bb<\/span><\/strong> 47380 Saint Etiennne de Foug\u00e8res. Pruniculteur- s\u00e9cheur proposant le fameux pruneau moelleux.<\/p>\n<p><span style=\"color: #008000;\"><strong>LEPESME Edouard \u00ab EARL Les collines de Vaux \u00bb<\/strong><\/span> Le domaine d\u2019Edouard \u00e0 Vaux 89 Auxerre. Vins, Cr\u00e9mant.<\/p>\n<p><strong><span style=\"color: #008000;\">MADELIN Alexis, MADELIN Vianney \u00ab La Brasserie MADDAM \u00bb<\/span><\/strong> 89800 Chablis. Bi\u00e8res artisanales.<\/p>\n<p><strong><span style=\"color: #008000;\">MADELIN Claude \u00abDomaine Madelin-Petit<\/span><\/strong> \u00bb 89550 H\u00e9ry. Viticulteur.<\/p>\n<p><strong><span style=\"color: #008000;\">MARQUANT Arnaud \u00ab Le cochon de Montgr\u00e9<\/span> <span style=\"color: #008000;\">\u00bb<\/span><\/strong> 89310 Nitry. Producteur et transformateur de viande de porc.<\/p>\n<\/div>\n<\/div>\n<\/div>\n<div class=\"page\" title=\"Page 2\">\n<div class=\"layoutArea\">\n<div class=\"column\">\n<p><strong><span style=\"color: #008000;\">PONTI Aur\u00e9lie \u00ab Grand Duc Microbrasserie<\/span><span style=\"color: #008000;\"> \u00bb<\/span><\/strong> 89570 Sormery. Bi\u00e8res artisanales.<\/p>\n<p><strong><span style=\"color: #008000;\">RIABOFF Alexandre et Nathalie \u00ab La Ferme du Champ au loup \u00bb<\/span><\/strong> 89350 Grandchamp.\u00a0Producteurs de viande d\u2019agneau.<\/p>\n<p><span style=\"color: #008000;\"><strong>ROGER Alain<\/strong><\/span> 89160 Jully La Maine. Producteur de c\u00e9r\u00e9ales, flocons et farines.<\/p>\n<p><span style=\"color: #008000;\"><strong>RUSSI Alexandra <\/strong><\/span>\u00a089110 Merry la Vall\u00e9e. Fabrique de p\u00e2tes fra\u00eeches et s\u00e8ches au bl\u00e9 dur local, extrusion au bronze.<\/p>\n<p><span style=\"color: #008000;\"><strong>SCHMID-RASET Jul<\/strong><strong>i<\/strong><\/span>\u00a0\u00ab Ferme de Br\u00e9viande \u00bb 89240 Parly. Producteur de fromages de\u00a0ch\u00e8vre.<\/p>\n<p><strong><span style=\"color: #008000;\">SEMPERE Ronald \u00ab L\u00e9gumes du Moulin \u00bb<\/span><\/strong> 89520 Saints en Puisaye. Producteur de l\u00e9gumes.<\/p>\n<p><strong><span style=\"color: #008000;\">SONVEAU Laure \u00ab Epione \u00bb<\/span><\/strong> EARL Les Libaux 89220 Saint-Priv\u00e9. Productrice de plantes m\u00e9dicinales et aromatiques.<\/p>\n<p><strong><span style=\"color: #008000;\">THIBAULT Marc et Franck \u00ab GAEC Thibault \u00bb<\/span> <\/strong>89140 Michery. Producteurs de c\u00e9r\u00e9ales, fabricants de p\u00e2tes.<\/p>\n<p><strong><span style=\"color: #008000;\">VIVION H\u00e9l\u00e8ne \u00ab Les abeilles d\u2019H\u00e9l\u00e8ne \u00bb<\/span><\/strong> 89240 Diges. Apicultrice. Productrice de pain d\u2019\u00e9pices, biscuits , nougats et guimauves.<\/p>\n<\/div>\n<\/div>\n<\/div>\n<p><img loading=\"lazy\" decoding=\"async\" class=\"alignnone size-medium wp-image-630\" src=\"http:\/\/biotoucy.com\/wp-content\/uploads\/2016\/05\/DSC00053-300x225.jpg\" alt=\"\" width=\"300\" height=\"225\" srcset=\"https:\/\/biotoucy.com\/wp-content\/uploads\/2016\/05\/DSC00053-300x225.jpg 300w, https:\/\/biotoucy.com\/wp-content\/uploads\/2016\/05\/DSC00053.jpg 400w\" sizes=\"(max-width: 300px) 100vw, 300px\" \/>\u00a0 <img loading=\"lazy\" decoding=\"async\" class=\"alignnone size-medium wp-image-631\" src=\"http:\/\/biotoucy.com\/wp-content\/uploads\/2016\/05\/IMG-1498-300x225.jpg\" alt=\"\" width=\"300\" height=\"225\" srcset=\"https:\/\/biotoucy.com\/wp-content\/uploads\/2016\/05\/IMG-1498-300x225.jpg 300w, https:\/\/biotoucy.com\/wp-content\/uploads\/2016\/05\/IMG-1498.jpg 400w\" sizes=\"(max-width: 300px) 100vw, 300px\" \/><\/p>\n","protected":false},"excerpt":{"rendered":"<p>Les \u00ab\u00a0producteurs d\u00e9p\u00f4ts-vendeurs\u00a0\u00bb viennent enrichir la gamme de produits propos\u00e9s au \u00ab\u00a0D\u00e9jeuner sur l&rsquo;herbe\u00a0\u00bb: \u00a0 BAUDRY Guillaume et Audrey \u00ab Ferme aquacole de Crisenon \u00bb 89460 Pr\u00e9gilbert.\u00a0Producteurs de truites et ombles de fontaine BAUGNET Marion 89130 Toucy. Productrice de fruits et de confitures. BLONDET JOHANN \u00ab\u00a0Les jardins du Bourdon\u00a0\u00bb 89170 Saint-Fargeau. Mara\u00eecher BORNET Sylvie \u00ab [&hellip;]<\/p>\n","protected":false},"author":1,"featured_media":0,"parent":1128,"menu_order":1,"comment_status":"closed","ping_status":"closed","template":"","meta":{"footnotes":""},"_links":{"self":[{"href":"https:\/\/biotoucy.com\/index.php?rest_route=\/wp\/v2\/pages\/179"}],"collection":[{"href":"https:\/\/biotoucy.com\/index.php?rest_route=\/wp\/v2\/pages"}],"about":[{"href":"https:\/\/biotoucy.com\/index.php?rest_route=\/wp\/v2\/types\/page"}],"author":[{"embeddable":true,"href":"https:\/\/biotoucy.com\/index.php?rest_route=\/wp\/v2\/users\/1"}],"replies":[{"embeddable":true,"href":"https:\/\/biotoucy.com\/index.php?rest_route=%2Fwp%2Fv2%2Fcomments&post=179"}],"version-history":[{"count":25,"href":"https:\/\/biotoucy.com\/index.php?rest_route=\/wp\/v2\/pages\/179\/revisions"}],"predecessor-version":[{"id":1805,"href":"https:\/\/biotoucy.com\/index.php?rest_route=\/wp\/v2\/pages\/179\/revisions\/1805"}],"up":[{"embeddable":true,"href":"https:\/\/biotoucy.com\/index.php?rest_route=\/wp\/v2\/pages\/1128"}],"wp:attachment":[{"href":"https:\/\/biotoucy.com\/index.php?rest_route=%2Fwp%2Fv2%2Fmedia&parent=179"}],"curies":[{"name":"wp","href":"https:\/\/api.w.org\/{rel}","templated":true}]}}