{"id":444,"date":"2016-12-20T17:38:20","date_gmt":"2016-12-20T16:38:20","guid":{"rendered":"http:\/\/biotoucy.com\/?page_id=444"},"modified":"2019-12-03T16:47:23","modified_gmt":"2019-12-03T15:47:23","slug":"qui-somme","status":"publish","type":"page","link":"https:\/\/biotoucy.com\/?page_id=444","title":{"rendered":"Qui sommes-nous"},"content":{"rendered":"<div>\n<p style=\"text-align: justify;\">Petit quiz pour commencer :<\/p>\n<p style=\"text-align: justify;\">\u2666 Vous en avez assez de la malbouffe et vous \u00eates en qu\u00eate d&rsquo;une alimentation saine, respectueuse de l&rsquo;environnement et de votre sant\u00e9 ?<\/p>\n<p style=\"text-align: justify;\">\u2666 Vous privil\u00e9giez les circuits courts et le maintien dans votre r\u00e9gion d&rsquo;une agriculture :<\/p>\n<ul>\n<li>soucieuse de la n\u00e9cessit\u00e9 de pr\u00e9server les ressources naturelles et l&rsquo;\u00e9cosyst\u00e8me ;<\/li>\n<li>qui privil\u00e9gie, l&rsquo;\u00e9change direct, gage d&rsquo;une relation transparente, entre producteur et consommateur<\/li>\n<\/ul>\n<p style=\"text-align: justify;\">Donc en gros, le bio \u00e7a vous branche et quand en plus c&rsquo;est local, pour vous c&rsquo;est l&rsquo;id\u00e9al ?<\/p>\n<p style=\"text-align: justify;\"><strong><em><span style=\"color: #008000;\">Alors bienvenue chez nous !! \ud83d\ude42<\/span><\/em><\/strong><\/p>\n<\/div>\n<div>\n<h2 style=\"text-align: justify;\"><strong><em><span style=\"color: #008000;\">Ce que nous vous proposons au \u00ab\u00a0D\u00e9jeuner sur l&rsquo;herbe\u00a0\u00bb<br \/>\n<\/span><\/em><\/strong><\/h2>\n<\/div>\n<p style=\"text-align: justify;\">Nous sommes six agriculteurs de la r\u00e9gion toucycoise et nous avons cr\u00e9\u00e9 le \u00ab\u00a0D\u00e9jeuner sur l&rsquo;herbe\u00a0\u00bb \u00e0 Toucy en 2003.<\/p>\n<p style=\"text-align: justify;\"><strong><em><span style=\"color: #808000;\">Notre but<\/span><\/em><\/strong> : nous associer pour vous proposer nos productions bio, regroup\u00e9es dans un&nbsp; point de vente.<\/p>\n<div style=\"text-align: justify;\">\n<p><strong><span style=\"color: #008000;\">\u21d2<\/span><\/strong> Nous mettons \u00e0 votre disposition des&nbsp;l\u00e9gumes, fruits, \u0153ufs, viande, charcuterie, produits laitiers, l\u00e9gumineuses, farines, huiles, jus de fruit, cidres, confitures.<\/p>\n<p><strong><span style=\"color: #808000;\">\u21d2 <\/span><\/strong>Et comme notre objectif est \u00e9galement de vous proposer un <strong><em><span style=\"color: #008000;\">\u00ab\u00a0panier repas\u00a0\u00bb complet, int\u00e9gralement bio<\/span><\/em><\/strong>, nous avons compl\u00e9t\u00e9 notre offre avec les produits suivants : p\u00e2tes, c\u00e9r\u00e9ales, pain, fruits secs, chocolat, caf\u00e9, th\u00e9s, tisanes, vins, cidre, miel, biscuits.<\/p>\n<\/div>\n<div>\n<p style=\"text-align: justify;\"><img loading=\"lazy\" decoding=\"async\" class=\"alignleft wp-image-272 size-full\" src=\"http:\/\/biotoucy.danya.spheerys.net\/wp-content\/uploads\/2016\/03\/DSC00907.jpg\" width=\"1920\" height=\"1080\" srcset=\"https:\/\/biotoucy.com\/wp-content\/uploads\/2016\/03\/DSC00907.jpg 1920w, https:\/\/biotoucy.com\/wp-content\/uploads\/2016\/03\/DSC00907-300x169.jpg 300w\" sizes=\"(max-width: 1920px) 100vw, 1920px\" \/><\/p>\n<p style=\"text-align: justify;\">\n<\/div>\n<p><em><strong><span style=\"color: #008000;\">Les producteurs <\/span><\/strong><strong>:<\/strong><\/em><\/p>\n<div>\n<ul>\n<li><a href=\"http:\/\/biotoucy.com\/les-producteurs\/aissata-et-jean-christophe-bras\/\">A\u00efssata et Jean-Christophe Bras<\/a><\/li>\n<li><a href=\"http:\/\/biotoucy.com\/les-producteurs\/luc-et-marc-virili\/\">Luc et Marc Virili<\/a><\/li>\n<li><a href=\"http:\/\/biotoucy.com\/les-producteurs\/florence-et-pascal-ferte\/\">Florence et Pascale Fert\u00e9<\/a><\/li>\n<li><a href=\"http:\/\/biotoucy.com\/les-producteurs\/jean-charles-faucheux\/\">C\u00e9line et Jean-Charles Faucheux<\/a><\/li>\n<li><a href=\"http:\/\/biotoucy.com\/les-producteurs\/frederic-lamour\/\">Fr\u00e9d\u00e9ric Lamour<\/a><\/li>\n<li><a href=\"http:\/\/biotoucy.com\/les-producteurs\/aurelien-rolin\/\">Aur\u00e9lien Rolin<\/a><\/li>\n<\/ul>\n<\/div>\n<div><\/div>\n<div>\n<p><img loading=\"lazy\" decoding=\"async\" class=\"aligncenter size-full wp-image-81\" src=\"http:\/\/biotoucy.danya.spheerys.net\/wp-content\/uploads\/2016\/03\/DSC00910.jpg\" alt=\"DSC00910\" width=\"1920\" height=\"1080\" srcset=\"https:\/\/biotoucy.com\/wp-content\/uploads\/2016\/03\/DSC00910.jpg 1920w, https:\/\/biotoucy.com\/wp-content\/uploads\/2016\/03\/DSC00910-300x169.jpg 300w, https:\/\/biotoucy.com\/wp-content\/uploads\/2016\/03\/DSC00910-768x432.jpg 768w, https:\/\/biotoucy.com\/wp-content\/uploads\/2016\/03\/DSC00910-1024x576.jpg 1024w\" sizes=\"(max-width: 1920px) 100vw, 1920px\" \/><\/p>\n<\/div>\n","protected":false},"excerpt":{"rendered":"<p>Petit quiz pour commencer : \u2666 Vous en avez assez de la malbouffe et vous \u00eates en qu\u00eate d&rsquo;une alimentation saine, respectueuse de l&rsquo;environnement et de votre sant\u00e9 ? \u2666 Vous privil\u00e9giez les circuits courts et le maintien dans votre r\u00e9gion d&rsquo;une agriculture : soucieuse de la n\u00e9cessit\u00e9 de pr\u00e9server les ressources naturelles et l&rsquo;\u00e9cosyst\u00e8me [&hellip;]<\/p>\n","protected":false},"author":2,"featured_media":0,"parent":0,"menu_order":2,"comment_status":"closed","ping_status":"closed","template":"","meta":{"footnotes":""},"_links":{"self":[{"href":"https:\/\/biotoucy.com\/index.php?rest_route=\/wp\/v2\/pages\/444"}],"collection":[{"href":"https:\/\/biotoucy.com\/index.php?rest_route=\/wp\/v2\/pages"}],"about":[{"href":"https:\/\/biotoucy.com\/index.php?rest_route=\/wp\/v2\/types\/page"}],"author":[{"embeddable":true,"href":"https:\/\/biotoucy.com\/index.php?rest_route=\/wp\/v2\/users\/2"}],"replies":[{"embeddable":true,"href":"https:\/\/biotoucy.com\/index.php?rest_route=%2Fwp%2Fv2%2Fcomments&post=444"}],"version-history":[{"count":4,"href":"https:\/\/biotoucy.com\/index.php?rest_route=\/wp\/v2\/pages\/444\/revisions"}],"predecessor-version":[{"id":1085,"href":"https:\/\/biotoucy.com\/index.php?rest_route=\/wp\/v2\/pages\/444\/revisions\/1085"}],"wp:attachment":[{"href":"https:\/\/biotoucy.com\/index.php?rest_route=%2Fwp%2Fv2%2Fmedia&parent=444"}],"curies":[{"name":"wp","href":"https:\/\/api.w.org\/{rel}","templated":true}]}}