{"id":6,"date":"2016-12-20T17:52:32","date_gmt":"2016-12-20T16:52:32","guid":{"rendered":"http:\/\/biotoucy.danya.spheerys.net\/?page_id=6"},"modified":"2024-04-25T08:34:35","modified_gmt":"2024-04-25T07:34:35","slug":"qui-sommes-nous","status":"publish","type":"page","link":"https:\/\/biotoucy.com\/","title":{"rendered":"Bienvenue !"},"content":{"rendered":"<div class=\"gmail_default\">\n<p style=\"text-align: center;\">\n<\/div>\n<div>\n<p style=\"text-align: center;\">+<img loading=\"lazy\" decoding=\"async\" class=\"aligncenter size-large wp-image-1620\" src=\"http:\/\/biotoucy.com\/wp-content\/uploads\/2024\/04\/phot-groupe-1-dsh-1023x1081.jpg\" alt=\"\" width=\"714\" height=\"754\" srcset=\"https:\/\/biotoucy.com\/wp-content\/uploads\/2024\/04\/phot-groupe-1-dsh-1023x1081.jpg 1023w, https:\/\/biotoucy.com\/wp-content\/uploads\/2024\/04\/phot-groupe-1-dsh-284x300.jpg 284w, https:\/\/biotoucy.com\/wp-content\/uploads\/2024\/04\/phot-groupe-1-dsh-1453x1536.jpg 1453w, https:\/\/biotoucy.com\/wp-content\/uploads\/2024\/04\/phot-groupe-1-dsh-1938x2048.jpg 1938w\" sizes=\"(max-width: 714px) 100vw, 714px\" \/><\/p>\n<\/div>\n<hr \/>\n<p><img loading=\"lazy\" decoding=\"async\" class=\"alignleft size-full wp-image-1191\" src=\"http:\/\/biotoucy.com\/wp-content\/uploads\/2020\/05\/t\u00e9l\u00e9charg\u00e9.png\" alt=\"\" width=\"204\" height=\"247\" \/><\/p>\n<h2 style=\"text-align: center;\"><span style=\"font-size: 16px;\"><strong><em><span style=\"color: #008000;\">Ce que nous vous proposons au \u00ab\u00a0D\u00e9jeuner sur l&rsquo;herbe\u00a0\u00bb<br \/>\n<\/span><\/em><\/strong><\/span><\/h2>\n<h2 style=\"text-align: center;\"><span style=\"font-size: 16px;\">Nous sommes agriculteurs de la Puisaye et des environs associ\u00e9s pour vous proposer nos productions biologiques, regroup\u00e9es dans un\u00a0 point de vente.<\/span><\/h2>\n<div style=\"text-align: center;\">\n<h2><span style=\"font-size: 16px;\"><strong><span style=\"color: #008000;\">\u21d2<\/span><\/strong> Nous mettons \u00e0 votre disposition des l\u00e9gumes, fruits, \u0153ufs, truite, viande, charcuterie, produits laitiers, l\u00e9gumineuses, farines, huiles, jus de fruit, cidres, confitures.<\/span><\/h2>\n<h2><span style=\"font-size: 16px;\"><strong><span style=\"color: #808000;\">\u21d2 <\/span><\/strong>Et comme notre objectif est \u00e9galement de vous proposer un <strong><em><span style=\"color: #008000;\">\u00ab\u00a0panier repas\u00a0\u00bb complet, int\u00e9gralement bio<\/span><\/em><\/strong>, nous avons compl\u00e9t\u00e9 notre offre avec les produits suivants : p\u00e2tes, c\u00e9r\u00e9ales, pain, fruits secs, chocolat, caf\u00e9, th\u00e9s, tisanes, vins, cidre, miel, biscuits.<\/span><\/h2>\n<\/div>\n<div style=\"text-align: center;\">\n<div style=\"text-align: center;\">\n<p><img loading=\"lazy\" decoding=\"async\" class=\"wp-image-1017 aligncenter\" src=\"http:\/\/biotoucy.com\/wp-content\/uploads\/2016\/12\/DSC00211-300x225.jpg\" alt=\"\" width=\"674\" height=\"505\" srcset=\"https:\/\/biotoucy.com\/wp-content\/uploads\/2016\/12\/DSC00211-300x225.jpg 300w, https:\/\/biotoucy.com\/wp-content\/uploads\/2016\/12\/DSC00211-1441x1081.jpg 1441w\" sizes=\"(max-width: 674px) 100vw, 674px\" \/><\/p>\n<\/div>\n<\/div>\n<p style=\"text-align: center;\"><span style=\"font-size: 20px; color: #993300;\"><em><strong>Venez rencontrer les producteurs chaque semaine <\/strong><\/em><em><strong>:<\/strong><\/em><\/span><\/p>\n<div style=\"text-align: center;\">\n<ul>\n<li><span style=\"font-size: 20px; color: #993300;\"><a href=\"http:\/\/biotoucy.com\/?page_id=41\" target=\"_blank\" rel=\"noopener noreferrer\">Ferme du Buisson \u00e0 \u00c9tais la Sauvin : A\u00efssata et Jean-Christophe Bras<\/a><\/span><\/li>\n<li><span style=\"font-size: 20px; color: #993300;\"><a href=\"http:\/\/biotoucy.com\/?page_id=131\" target=\"_blank\" rel=\"noopener noreferrer\">GAEC de la Cours aux Roches \u00e0 Moutiers en Puisaye : Nina et Oriane<\/a><\/span><\/li>\n<li><span style=\"font-size: 20px; color: #993300;\"><a href=\"http:\/\/biotoucy.com\/?page_id=43\" target=\"_blank\" rel=\"noopener noreferrer\">EARL FAUCHEUX \u00e0 Lucy sur Yonne : C\u00e9line et Jean-Charles Faucheux<\/a><\/span><\/li>\n<\/ul>\n<\/div>\n<p><img loading=\"lazy\" decoding=\"async\" class=\"wp-image-1018 aligncenter\" src=\"http:\/\/biotoucy.com\/wp-content\/uploads\/2016\/12\/DSC00221-300x225.jpg\" alt=\"\" width=\"545\" height=\"409\" srcset=\"https:\/\/biotoucy.com\/wp-content\/uploads\/2016\/12\/DSC00221-300x225.jpg 300w, https:\/\/biotoucy.com\/wp-content\/uploads\/2016\/12\/DSC00221-1441x1081.jpg 1441w\" sizes=\"(max-width: 545px) 100vw, 545px\" \/><\/p>\n<p style=\"text-align: center;\">\n","protected":false},"excerpt":{"rendered":"<p>+ Ce que nous vous proposons au \u00ab\u00a0D\u00e9jeuner sur l&rsquo;herbe\u00a0\u00bb Nous sommes agriculteurs de la Puisaye et des environs associ\u00e9s pour vous proposer nos productions biologiques, regroup\u00e9es dans un\u00a0 point de vente. \u21d2 Nous mettons \u00e0 votre disposition des l\u00e9gumes, fruits, \u0153ufs, truite, viande, charcuterie, produits laitiers, l\u00e9gumineuses, farines, huiles, jus de fruit, cidres, confitures. [&hellip;]<\/p>\n","protected":false},"author":2,"featured_media":0,"parent":0,"menu_order":1,"comment_status":"closed","ping_status":"closed","template":"","meta":{"footnotes":""},"_links":{"self":[{"href":"https:\/\/biotoucy.com\/index.php?rest_route=\/wp\/v2\/pages\/6"}],"collection":[{"href":"https:\/\/biotoucy.com\/index.php?rest_route=\/wp\/v2\/pages"}],"about":[{"href":"https:\/\/biotoucy.com\/index.php?rest_route=\/wp\/v2\/types\/page"}],"author":[{"embeddable":true,"href":"https:\/\/biotoucy.com\/index.php?rest_route=\/wp\/v2\/users\/2"}],"replies":[{"embeddable":true,"href":"https:\/\/biotoucy.com\/index.php?rest_route=%2Fwp%2Fv2%2Fcomments&post=6"}],"version-history":[{"count":252,"href":"https:\/\/biotoucy.com\/index.php?rest_route=\/wp\/v2\/pages\/6\/revisions"}],"predecessor-version":[{"id":1632,"href":"https:\/\/biotoucy.com\/index.php?rest_route=\/wp\/v2\/pages\/6\/revisions\/1632"}],"wp:attachment":[{"href":"https:\/\/biotoucy.com\/index.php?rest_route=%2Fwp%2Fv2%2Fmedia&parent=6"}],"curies":[{"name":"wp","href":"https:\/\/api.w.org\/{rel}","templated":true}]}}