{"id":8,"date":"2016-03-30T20:39:06","date_gmt":"2016-03-30T19:39:06","guid":{"rendered":"http:\/\/biotoucy.danya.spheerys.net\/?page_id=8"},"modified":"2020-05-12T15:08:51","modified_gmt":"2020-05-12T14:08:51","slug":"contact","status":"publish","type":"page","link":"https:\/\/biotoucy.com\/?page_id=8","title":{"rendered":"Pour nous contacter"},"content":{"rendered":"<p><img loading=\"lazy\" decoding=\"async\" class=\"alignleft size-medium wp-image-1015\" src=\"http:\/\/biotoucy.com\/wp-content\/uploads\/2016\/12\/DejProducteurs-300x233.jpg\" alt=\"\" width=\"300\" height=\"233\" srcset=\"https:\/\/biotoucy.com\/wp-content\/uploads\/2016\/12\/DejProducteurs-300x233.jpg 300w, https:\/\/biotoucy.com\/wp-content\/uploads\/2016\/12\/DejProducteurs-1394x1081.jpg 1394w\" sizes=\"(max-width: 300px) 100vw, 300px\" \/><\/p>\n<h2><strong><span style=\"color: #808000;\"><em>Passez \u00e0 la boutique aux heures d&rsquo;ouverture:<\/em><\/span><\/strong><\/h2>\n<h2><strong><span style=\"color: #808000;\"><em>T\u00e9l\u00e9phonez nous au 03 86 44 02 59<\/em><\/span><\/strong><\/h2>\n<h2><strong><span style=\"color: #808000;\"><em>Envoyez nous un mail sur mag.prodbio@gmail.com<\/em><\/span><\/strong><\/h2>\n<h2><!--more--><\/h2>\n<h2><em><strong>Mentions l\u00e9gales<\/strong><\/em><\/h2>\n<h2><em>Coordonn\u00e9es :<br \/>\n<\/em><\/h2>\n<p>Un d\u00e9jeuner sur l&rsquo;herbe<\/p>\n<p>8 rue Paul Bert<\/p>\n<p>89130 TOUCY<\/p>\n<p>T\u00e9l. : 03 86 44 02 59<\/p>\n<p>Courriel: mag.prodbio@gmail.com<\/p>\n<h2><em>Immatriculation :<br \/>\n<\/em><\/h2>\n<p>N\u00b0 SIREN 443598099<\/p>\n<p>N\u00b0 TVA UE :\u00a0 FR 93 443598099<\/p>\n<p>N\u00b0 RCS : R.C.S Auxerre 443598099<\/p>\n<h2><em>Publication :<br \/>\n<\/em><\/h2>\n<p>Aur\u00e9lien Rolin responsable du site: mise \u00e0 jour, mise en page, r\u00e9daction&#8230;<\/p>\n<h2><em>Webmaster :<br \/>\n<\/em><\/h2>\n<p>Annick DOURTHOUS, r\u00e9dactrice, consultante en communication \u00e9crite<\/p>\n<p>Soci\u00e9t\u00e9 Id\u00e9amots<\/p>\n<p>29 route de Raloy, 89110 LES ORMES<\/p>\n<p><a href=\"http:\/\/ideamots.fr\/\" target=\"_blank\" rel=\"noopener noreferrer\">www.ideamots.fr<\/a><\/p>\n<h2><em>H\u00e9bergeur du site :<br \/>\n<\/em><\/h2>\n<p>Soci\u00e9t\u00e9 Spheerys<\/p>\n<p>6 rue du Pressoir<br \/>\n11190 Luc-sur-Aude<br \/>\n<i class=\"icon-phone\"><\/i> +33 (0)4 86 51 73 00<br \/>\n<i class=\"icon-mail\"><\/i> <a href=\"mailto:contact@spheerys.fr\">contact@spheerys.fr<\/a><\/p>\n<h2><em>Propri\u00e9t\u00e9s intellectuelles :<br \/>\n<\/em><\/h2>\n<p>Ce site est la propri\u00e9t\u00e9 exclusive du <em>D\u00e9jeuner sur l&rsquo;herbe.<\/em><\/p>\n<p>Il rel\u00e8ve des l\u00e9gislations fran\u00e7aise et internationale sur le droit d\u2019auteur et la propri\u00e9t\u00e9 intellectuelle. La reproduction de tout ou partie de ce site est strictement interdite sans autorisation. Tous droits r\u00e9serv\u00e9s.<\/p>\n<h2><em><span style=\"font-family: Arial;\">D\u00e9claration \u00e0 la CNIL :<\/span><\/em><\/h2>\n<p><span style=\"font-family: Arial;\">Le pr\u00e9sent site a fait l&rsquo;objet d&rsquo;une d\u00e9claration \u00e0 la CNIL, conform\u00e9ment \u00e0 la loi n\u00b078-17 du 6 janvier 1978.<\/span><\/p>\n<p><span style=\"font-family: Arial;\">Les informations recueillies sont strictement destin\u00e9es au D\u00e9jeuner sur l&rsquo;Herbe (dans le but de constituer une liste des personnes int\u00e9ress\u00e9es par nos activit\u00e9s, et plus particuli\u00e8rement par celles du site www.biotoucy.com , et ne seront pas transmises \u00e0 des tiers.<\/span><\/p>\n<p><span style=\"font-family: Arial;\">\u00b7 Aucune information personnelle n&rsquo;est collect\u00e9e \u00e0 votre insu.<\/span><\/p>\n<p><span style=\"font-family: Arial;\">\u00b7 Aucune information personnelle n&rsquo;est c\u00e9d\u00e9e \u00e0 des tiers, \u00e0 titre gratuit ou on\u00e9reux.<\/span><\/p>\n<p><span style=\"font-family: Arial;\">\u00b7 Aucune information personnelle n&rsquo;est utilis\u00e9e \u00e0 d\u2019autres fins que celles indiqu\u00e9es ici.\u00a0\u00a0\u00a0\u00a0\u00a0 <\/span><\/p>\n<p><span style=\"font-family: Arial;\">Vous disposez d&rsquo;un droit d&rsquo;acc\u00e8s, de modification et de suppression de donn\u00e9es qui vous concernent (article 34 de la loi \u00abInformatique et Libert\u00e9s \u00bb) p<\/span><span style=\"font-family: Arial;\">our l&rsquo;exercer, adressez nous un courrier \u00e0 notre adresse postale.<\/span><\/p>\n<p><img loading=\"lazy\" decoding=\"async\" class=\"alignleft  wp-image-852\" src=\"http:\/\/biotoucy.com\/wp-content\/uploads\/2016\/03\/logo-rgpd-233x300.png\" alt=\"\" width=\"109\" height=\"140\" srcset=\"https:\/\/biotoucy.com\/wp-content\/uploads\/2016\/03\/logo-rgpd-233x300.png 233w, https:\/\/biotoucy.com\/wp-content\/uploads\/2016\/03\/logo-rgpd.png 279w\" sizes=\"(max-width: 109px) 100vw, 109px\" \/><\/p>\n","protected":false},"excerpt":{"rendered":"<p>Passez \u00e0 la boutique aux heures d&rsquo;ouverture: T\u00e9l\u00e9phonez nous au 03 86 44 02 59 Envoyez nous un mail sur mag.prodbio@gmail.com<\/p>\n","protected":false},"author":2,"featured_media":0,"parent":0,"menu_order":6,"comment_status":"closed","ping_status":"closed","template":"","meta":{"footnotes":""},"_links":{"self":[{"href":"https:\/\/biotoucy.com\/index.php?rest_route=\/wp\/v2\/pages\/8"}],"collection":[{"href":"https:\/\/biotoucy.com\/index.php?rest_route=\/wp\/v2\/pages"}],"about":[{"href":"https:\/\/biotoucy.com\/index.php?rest_route=\/wp\/v2\/types\/page"}],"author":[{"embeddable":true,"href":"https:\/\/biotoucy.com\/index.php?rest_route=\/wp\/v2\/users\/2"}],"replies":[{"embeddable":true,"href":"https:\/\/biotoucy.com\/index.php?rest_route=%2Fwp%2Fv2%2Fcomments&post=8"}],"version-history":[{"count":32,"href":"https:\/\/biotoucy.com\/index.php?rest_route=\/wp\/v2\/pages\/8\/revisions"}],"predecessor-version":[{"id":1200,"href":"https:\/\/biotoucy.com\/index.php?rest_route=\/wp\/v2\/pages\/8\/revisions\/1200"}],"wp:attachment":[{"href":"https:\/\/biotoucy.com\/index.php?rest_route=%2Fwp%2Fv2%2Fmedia&parent=8"}],"curies":[{"name":"wp","href":"https:\/\/api.w.org\/{rel}","templated":true}]}}